{"id":87,"date":"2020-11-16T15:57:26","date_gmt":"2020-11-16T15:57:26","guid":{"rendered":"http:\/\/nysida.renakupunktur.nu\/?post_type=product&#038;p=87"},"modified":"2021-09-18T13:51:59","modified_gmt":"2021-09-18T13:51:59","slug":"rosebud-beauty-tea","status":"publish","type":"product","link":"https:\/\/acunordic.se\/zh\/product\/rosebud-beauty-tea\/","title":{"rendered":"Rosebud Beauty Tea"},"content":{"rendered":"","protected":false},"excerpt":{"rendered":"<p>Rosebud Beauty Tea(3g\/p\u00e5se 15 P\u00e5sar)<\/p>\n<p>Receptet till detta te \u00e4r framtaget av Taiwan medical university.<\/p>\n<p>Det inneh\u00e5ller \u00f6rter som st\u00e4rker blodet och ta bort blodstagnation som \u00e4r mest l\u00e4mpligt f\u00f6r kvinnor i fertil \u00e5lder.<\/p>\n<p>Rekommenderas att dricka 1 p\u00e5se per dag.<\/p>\n<p>Varje p\u00e5se kan anv\u00e4ndas 3 g\u00e5nger.<\/p>","protected":false},"featured_media":83,"template":"","meta":[],"product_brand":[],"product_cat":[22],"product_tag":[],"class_list":{"0":"post-87","1":"product","2":"type-product","3":"status-publish","4":"has-post-thumbnail","6":"product_cat-funktionella-teer","8":"first","9":"instock","10":"taxable","11":"shipping-taxable","12":"purchasable","13":"product-type-simple"},"jetpack_sharing_enabled":true,"_links":{"self":[{"href":"https:\/\/acunordic.se\/zh\/wp-json\/wp\/v2\/product\/87","targetHints":{"allow":["GET"]}}],"collection":[{"href":"https:\/\/acunordic.se\/zh\/wp-json\/wp\/v2\/product"}],"about":[{"href":"https:\/\/acunordic.se\/zh\/wp-json\/wp\/v2\/types\/product"}],"wp:featuredmedia":[{"embeddable":true,"href":"https:\/\/acunordic.se\/zh\/wp-json\/wp\/v2\/media\/83"}],"wp:attachment":[{"href":"https:\/\/acunordic.se\/zh\/wp-json\/wp\/v2\/media?parent=87"}],"wp:term":[{"taxonomy":"product_brand","embeddable":true,"href":"https:\/\/acunordic.se\/zh\/wp-json\/wp\/v2\/product_brand?post=87"},{"taxonomy":"product_cat","embeddable":true,"href":"https:\/\/acunordic.se\/zh\/wp-json\/wp\/v2\/product_cat?post=87"},{"taxonomy":"product_tag","embeddable":true,"href":"https:\/\/acunordic.se\/zh\/wp-json\/wp\/v2\/product_tag?post=87"}],"curies":[{"name":"wp","href":"https:\/\/api.w.org\/{rel}","templated":true}]}}