{"id":85,"date":"2020-11-16T15:56:09","date_gmt":"2020-11-16T15:56:09","guid":{"rendered":"http:\/\/nysida.renakupunktur.nu\/?post_type=product&#038;p=85"},"modified":"2023-03-08T12:22:31","modified_gmt":"2023-03-08T12:22:31","slug":"hibiscus-refreshing-tea","status":"publish","type":"product","link":"https:\/\/acunordic.se\/zh\/product\/hibiscus-refreshing-tea\/","title":{"rendered":"Hibiscus Refreshing Tea"},"content":{"rendered":"","protected":false},"excerpt":{"rendered":"<header class=\"product-header\" role=\"banner\"><\/header>\n<section class=\"product-overview\" role=\"region\">\n<div class=\"long description product-long-description\">\n<p>Hibiscus Refreshing Tea(3g\/p\u00e5se 15 P\u00e5sar)<\/p>\n<p>Receptet till detta te \u00e4r framtaget av Taiwan medical university.<\/p>\n<p>Det inneh\u00e5ller hibiscusblommor och \u00f6rter som tar ner hetta fr\u00e5n lever och \u00f6kar qi-fl\u00f6det.<\/p>\n<p>Rekommenderas att dricka 1 p\u00e5se per dag.<\/p>\n<p>Varje p\u00e5se kan anv\u00e4ndas 3 g\u00e5nger.<\/p>\n<\/div>\n<\/section>","protected":false},"featured_media":81,"template":"","meta":[],"product_brand":[],"product_cat":[22],"product_tag":[],"class_list":{"0":"post-85","1":"product","2":"type-product","3":"status-publish","4":"has-post-thumbnail","6":"product_cat-funktionella-teer","8":"first","9":"instock","10":"taxable","11":"shipping-taxable","12":"purchasable","13":"product-type-simple"},"jetpack_sharing_enabled":true,"_links":{"self":[{"href":"https:\/\/acunordic.se\/zh\/wp-json\/wp\/v2\/product\/85","targetHints":{"allow":["GET"]}}],"collection":[{"href":"https:\/\/acunordic.se\/zh\/wp-json\/wp\/v2\/product"}],"about":[{"href":"https:\/\/acunordic.se\/zh\/wp-json\/wp\/v2\/types\/product"}],"wp:featuredmedia":[{"embeddable":true,"href":"https:\/\/acunordic.se\/zh\/wp-json\/wp\/v2\/media\/81"}],"wp:attachment":[{"href":"https:\/\/acunordic.se\/zh\/wp-json\/wp\/v2\/media?parent=85"}],"wp:term":[{"taxonomy":"product_brand","embeddable":true,"href":"https:\/\/acunordic.se\/zh\/wp-json\/wp\/v2\/product_brand?post=85"},{"taxonomy":"product_cat","embeddable":true,"href":"https:\/\/acunordic.se\/zh\/wp-json\/wp\/v2\/product_cat?post=85"},{"taxonomy":"product_tag","embeddable":true,"href":"https:\/\/acunordic.se\/zh\/wp-json\/wp\/v2\/product_tag?post=85"}],"curies":[{"name":"wp","href":"https:\/\/api.w.org\/{rel}","templated":true}]}}