{"id":785,"date":"2023-03-08T11:10:42","date_gmt":"2023-03-08T11:10:42","guid":{"rendered":"https:\/\/acunordic.se\/?post_type=product&#038;p=785"},"modified":"2023-03-08T11:18:50","modified_gmt":"2023-03-08T11:18:50","slug":"ovningspad-silicon","status":"publish","type":"product","link":"https:\/\/acunordic.se\/zh\/product\/ovningspad-silicon\/","title":{"rendered":"\u00d6vningspad silicon"},"content":{"rendered":"","protected":false},"excerpt":{"rendered":"<p>\u00d6vningspad till \u00f6vning av att sticka akupunkturn\u00e5lar\/ge akupunktur<\/p>","protected":false},"featured_media":787,"template":"","meta":[],"product_brand":[],"product_cat":[52,27],"product_tag":[],"class_list":{"0":"post-785","1":"product","2":"type-product","3":"status-publish","4":"has-post-thumbnail","6":"product_cat-akupunkturmodeller","7":"product_cat-akupunkturtillbehor","9":"first","10":"instock","11":"taxable","12":"shipping-taxable","13":"purchasable","14":"product-type-simple"},"jetpack_sharing_enabled":true,"_links":{"self":[{"href":"https:\/\/acunordic.se\/zh\/wp-json\/wp\/v2\/product\/785","targetHints":{"allow":["GET"]}}],"collection":[{"href":"https:\/\/acunordic.se\/zh\/wp-json\/wp\/v2\/product"}],"about":[{"href":"https:\/\/acunordic.se\/zh\/wp-json\/wp\/v2\/types\/product"}],"wp:featuredmedia":[{"embeddable":true,"href":"https:\/\/acunordic.se\/zh\/wp-json\/wp\/v2\/media\/787"}],"wp:attachment":[{"href":"https:\/\/acunordic.se\/zh\/wp-json\/wp\/v2\/media?parent=785"}],"wp:term":[{"taxonomy":"product_brand","embeddable":true,"href":"https:\/\/acunordic.se\/zh\/wp-json\/wp\/v2\/product_brand?post=785"},{"taxonomy":"product_cat","embeddable":true,"href":"https:\/\/acunordic.se\/zh\/wp-json\/wp\/v2\/product_cat?post=785"},{"taxonomy":"product_tag","embeddable":true,"href":"https:\/\/acunordic.se\/zh\/wp-json\/wp\/v2\/product_tag?post=785"}],"curies":[{"name":"wp","href":"https:\/\/api.w.org\/{rel}","templated":true}]}}