{"id":78,"date":"2020-11-16T15:55:00","date_gmt":"2020-11-16T15:55:00","guid":{"rendered":"http:\/\/nysida.renakupunktur.nu\/?post_type=product&#038;p=78"},"modified":"2023-03-08T12:23:19","modified_gmt":"2023-03-08T12:23:19","slug":"fei-yan-diet-tea","status":"publish","type":"product","link":"https:\/\/acunordic.se\/zh\/product\/fei-yan-diet-tea\/","title":{"rendered":"Diette, Fei Yan"},"content":{"rendered":"","protected":false},"excerpt":{"rendered":"<header class=\"product-header\" role=\"banner\"><\/header>\n<div class=\"dynamic-product-info has-volume-pricing\"><\/div>\n<section class=\"product-overview\" role=\"region\">\n<div class=\"long description product-long-description\">\n<p>Det h\u00e4r teet inneh\u00e5ller \u00f6rter som st\u00e4rker mj\u00e4lten och ta\u00a0 bort slem och fukt fr\u00e5n kroppen.<br \/>\nDet kan ocks\u00e5 s\u00e4tta i g\u00e5ng tarmens r\u00f6relse och du b\u00f6r vara f\u00f6rsiktig om du har k\u00e4nslig mage.<\/p>\n<p>3 g X 40 p\u00e5sar i en f\u00f6rpackning<\/p>\n<p>Rekommenderad dos: 1 p\u00e5se\/dag<br \/>\nDrick g\u00e4rna vid m\u00e5ltid.<br \/>\nVarje p\u00e5se kan anv\u00e4nds 3 g\u00e5ngar.<\/p>\n<\/div>\n<\/section>","protected":false},"featured_media":432,"template":"","meta":[],"product_brand":[],"product_cat":[22],"product_tag":[],"class_list":{"0":"post-78","1":"product","2":"type-product","3":"status-publish","4":"has-post-thumbnail","6":"product_cat-funktionella-teer","8":"first","9":"instock","10":"taxable","11":"shipping-taxable","12":"purchasable","13":"product-type-simple"},"jetpack_sharing_enabled":true,"_links":{"self":[{"href":"https:\/\/acunordic.se\/zh\/wp-json\/wp\/v2\/product\/78","targetHints":{"allow":["GET"]}}],"collection":[{"href":"https:\/\/acunordic.se\/zh\/wp-json\/wp\/v2\/product"}],"about":[{"href":"https:\/\/acunordic.se\/zh\/wp-json\/wp\/v2\/types\/product"}],"wp:featuredmedia":[{"embeddable":true,"href":"https:\/\/acunordic.se\/zh\/wp-json\/wp\/v2\/media\/432"}],"wp:attachment":[{"href":"https:\/\/acunordic.se\/zh\/wp-json\/wp\/v2\/media?parent=78"}],"wp:term":[{"taxonomy":"product_brand","embeddable":true,"href":"https:\/\/acunordic.se\/zh\/wp-json\/wp\/v2\/product_brand?post=78"},{"taxonomy":"product_cat","embeddable":true,"href":"https:\/\/acunordic.se\/zh\/wp-json\/wp\/v2\/product_cat?post=78"},{"taxonomy":"product_tag","embeddable":true,"href":"https:\/\/acunordic.se\/zh\/wp-json\/wp\/v2\/product_tag?post=78"}],"curies":[{"name":"wp","href":"https:\/\/api.w.org\/{rel}","templated":true}]}}