{"id":620,"date":"2021-05-11T07:48:02","date_gmt":"2021-05-11T07:48:02","guid":{"rendered":"https:\/\/acunordic.se\/?post_type=product&#038;p=620"},"modified":"2023-03-09T09:50:11","modified_gmt":"2023-03-09T09:50:11","slug":"respire-aid-te-immunforsvaret","status":"publish","type":"product","link":"https:\/\/acunordic.se\/zh\/product\/respire-aid-te-immunforsvaret\/","title":{"rendered":"Respire Aid &#8211; Te immunf\u00f6rsvaret"},"content":{"rendered":"","protected":false},"excerpt":{"rendered":"<p>TE SOM KAN HJ\u00c4LPA VID INFLUENSALIKNANDE SYMPTOM.<br \/>\nI Taiwan och Korea anv\u00e4nds Respire Aid mot Covid i sjukv\u00e5rden.<br \/>\n\u00d6rtblandinngen \u00e4r 6 ggr mer effektiv \u00e4n andra \u00f6rtblandingar f\u00f6r likanande symptom.<\/p>\n<p>Serving Size \/ Amount Per Serving: 100g (20 sachets); 5g per sachet.<\/p>\n<p>Directions: Take 1 sachet (5g) 2~4 times daily directly or with 400cc water before or between meals.<\/p>\n<p><strong><em>OBS! Detta \u00e4r ett subventionerat pris, s\u00e5 samma pris f\u00f6r akupunkt\u00f6rer och terapeuter!<\/em><\/strong><\/p>\n<p><a href=\"https:\/\/ibb.co\/tbzM8PN\"><img decoding=\"async\" src=\"https:\/\/i.ibb.co\/55kWBxz\/howtotake.jpg\" alt=\"howtotake\" border=\"0\" \/><\/a><\/p>\n<p>Ingredients: Each 10g contains the following raw herbs<br \/>\nHerba Houttuyniae<br \/>\nRadix Isatidis<br \/>\nRadix Scutellariae<br \/>\nFructus Trichosanthis<br \/>\nHerba Schizonepetae<br \/>\nFolium Mori<br \/>\nHerba Menthae<br \/>\nCortex Magnoliae officinalis<br \/>\nRadix Saposhnikoviae<br \/>\nRadix Glycyrrhizae praeparata cum melle<br \/>\nMaltodextrin<br \/>\nMenthol<br \/>\n\u03b2-cyclodextrin<\/p>\n<p>Cautions &amp; Contraindications: Avoid spicy and greasy food. Consult your healthcare professional before using, especially if you are taking medication on a regular basis or under medical supervision.<\/p>","protected":false},"featured_media":629,"template":"","meta":[],"product_brand":[],"product_cat":[22],"product_tag":[],"class_list":{"0":"post-620","1":"product","2":"type-product","3":"status-publish","4":"has-post-thumbnail","6":"product_cat-funktionella-teer","8":"first","9":"instock","10":"taxable","11":"shipping-taxable","12":"purchasable","13":"product-type-simple"},"jetpack_sharing_enabled":true,"_links":{"self":[{"href":"https:\/\/acunordic.se\/zh\/wp-json\/wp\/v2\/product\/620","targetHints":{"allow":["GET"]}}],"collection":[{"href":"https:\/\/acunordic.se\/zh\/wp-json\/wp\/v2\/product"}],"about":[{"href":"https:\/\/acunordic.se\/zh\/wp-json\/wp\/v2\/types\/product"}],"wp:featuredmedia":[{"embeddable":true,"href":"https:\/\/acunordic.se\/zh\/wp-json\/wp\/v2\/media\/629"}],"wp:attachment":[{"href":"https:\/\/acunordic.se\/zh\/wp-json\/wp\/v2\/media?parent=620"}],"wp:term":[{"taxonomy":"product_brand","embeddable":true,"href":"https:\/\/acunordic.se\/zh\/wp-json\/wp\/v2\/product_brand?post=620"},{"taxonomy":"product_cat","embeddable":true,"href":"https:\/\/acunordic.se\/zh\/wp-json\/wp\/v2\/product_cat?post=620"},{"taxonomy":"product_tag","embeddable":true,"href":"https:\/\/acunordic.se\/zh\/wp-json\/wp\/v2\/product_tag?post=620"}],"curies":[{"name":"wp","href":"https:\/\/api.w.org\/{rel}","templated":true}]}}