{"id":508,"date":"2020-12-04T22:41:22","date_gmt":"2020-12-04T22:41:22","guid":{"rendered":"http:\/\/nysida.renakupunktur.nu\/?post_type=product&#038;p=508"},"modified":"2023-03-08T12:27:23","modified_gmt":"2023-03-08T12:27:23","slug":"angelicarot-60-kapslar","status":"publish","type":"product","link":"https:\/\/acunordic.se\/zh\/product\/angelicarot-60-kapslar\/","title":{"rendered":"Dang Gui, Angelikarot\/Kvanne 60 kapslar"},"content":{"rendered":"","protected":false},"excerpt":{"rendered":"<p>Dang Gui , Angelikarot \u00e4r bra f\u00f6r blodcirkulationen och kan st\u00e4rka blod.<\/p>\n<p>Dang Gui \u00e4r i koncentrerade granulatform, 0,5g\/kap. Motsvarar ca 3g r\u00e5 Dang Gui.<\/p>","protected":false},"featured_media":548,"template":"","meta":[],"product_brand":[],"product_cat":[35],"product_tag":[],"class_list":{"0":"post-508","1":"product","2":"type-product","3":"status-publish","4":"has-post-thumbnail","6":"product_cat-health-treasure","8":"first","9":"instock","10":"taxable","11":"shipping-taxable","12":"purchasable","13":"product-type-simple"},"jetpack_sharing_enabled":true,"_links":{"self":[{"href":"https:\/\/acunordic.se\/zh\/wp-json\/wp\/v2\/product\/508","targetHints":{"allow":["GET"]}}],"collection":[{"href":"https:\/\/acunordic.se\/zh\/wp-json\/wp\/v2\/product"}],"about":[{"href":"https:\/\/acunordic.se\/zh\/wp-json\/wp\/v2\/types\/product"}],"wp:featuredmedia":[{"embeddable":true,"href":"https:\/\/acunordic.se\/zh\/wp-json\/wp\/v2\/media\/548"}],"wp:attachment":[{"href":"https:\/\/acunordic.se\/zh\/wp-json\/wp\/v2\/media?parent=508"}],"wp:term":[{"taxonomy":"product_brand","embeddable":true,"href":"https:\/\/acunordic.se\/zh\/wp-json\/wp\/v2\/product_brand?post=508"},{"taxonomy":"product_cat","embeddable":true,"href":"https:\/\/acunordic.se\/zh\/wp-json\/wp\/v2\/product_cat?post=508"},{"taxonomy":"product_tag","embeddable":true,"href":"https:\/\/acunordic.se\/zh\/wp-json\/wp\/v2\/product_tag?post=508"}],"curies":[{"name":"wp","href":"https:\/\/api.w.org\/{rel}","templated":true}]}}