{"id":507,"date":"2020-12-04T22:39:01","date_gmt":"2020-12-04T22:39:01","guid":{"rendered":"http:\/\/nysida.renakupunktur.nu\/?post_type=product&#038;p=507"},"modified":"2023-03-08T12:26:46","modified_gmt":"2023-03-08T12:26:46","slug":"ginseng-60-kapslar","status":"publish","type":"product","link":"https:\/\/acunordic.se\/zh\/product\/ginseng-60-kapslar\/","title":{"rendered":"Ginseng ( R\u00f6d)  60 kapslar"},"content":{"rendered":"","protected":false},"excerpt":{"rendered":"<p>Ginseng har anv\u00e4nts i flera tusen \u00e5r f\u00f6r att st\u00e4rka energi.<\/p>\n<p>Ginseng \u00e4r i koncentrerade granulatform, 0,5g\/kap. Det motsvarar cirka 3g r\u00e5 Ginseng.<\/p>","protected":false},"featured_media":549,"template":"","meta":[],"product_brand":[],"product_cat":[35],"product_tag":[],"class_list":{"0":"post-507","1":"product","2":"type-product","3":"status-publish","4":"has-post-thumbnail","6":"product_cat-health-treasure","8":"first","9":"instock","10":"taxable","11":"shipping-taxable","12":"purchasable","13":"product-type-simple"},"jetpack_sharing_enabled":true,"_links":{"self":[{"href":"https:\/\/acunordic.se\/zh\/wp-json\/wp\/v2\/product\/507","targetHints":{"allow":["GET"]}}],"collection":[{"href":"https:\/\/acunordic.se\/zh\/wp-json\/wp\/v2\/product"}],"about":[{"href":"https:\/\/acunordic.se\/zh\/wp-json\/wp\/v2\/types\/product"}],"wp:featuredmedia":[{"embeddable":true,"href":"https:\/\/acunordic.se\/zh\/wp-json\/wp\/v2\/media\/549"}],"wp:attachment":[{"href":"https:\/\/acunordic.se\/zh\/wp-json\/wp\/v2\/media?parent=507"}],"wp:term":[{"taxonomy":"product_brand","embeddable":true,"href":"https:\/\/acunordic.se\/zh\/wp-json\/wp\/v2\/product_brand?post=507"},{"taxonomy":"product_cat","embeddable":true,"href":"https:\/\/acunordic.se\/zh\/wp-json\/wp\/v2\/product_cat?post=507"},{"taxonomy":"product_tag","embeddable":true,"href":"https:\/\/acunordic.se\/zh\/wp-json\/wp\/v2\/product_tag?post=507"}],"curies":[{"name":"wp","href":"https:\/\/api.w.org\/{rel}","templated":true}]}}