{"id":506,"date":"2020-12-04T22:37:59","date_gmt":"2020-12-04T22:37:59","guid":{"rendered":"http:\/\/nysida.renakupunktur.nu\/?post_type=product&#038;p=506"},"modified":"2023-03-08T12:26:21","modified_gmt":"2023-03-08T12:26:21","slug":"gurkmeja-60-kapslar","status":"publish","type":"product","link":"https:\/\/acunordic.se\/zh\/product\/gurkmeja-60-kapslar\/","title":{"rendered":"Gurkmeja 60 kapslar"},"content":{"rendered":"","protected":false},"excerpt":{"rendered":"<p>Gurkmeja \u00e4r k\u00e4nd f\u00f6r sin antiinflammerande f\u00f6rm\u00e5ga. Det har anv\u00e4nts inom kinesisk medicin f\u00f6r led och muskelbesv\u00e4r\u00a0 samt f\u00f6r mensv\u00e4rk som orsakas av blodstagnation.<\/p>\n<p>Gurkmeja finns i koncentrerad granulatform, 0,5g\/kap. Det motsvarar cirka 3g gurkmeja i pulverform.<\/p>","protected":false},"featured_media":559,"template":"","meta":[],"product_brand":[],"product_cat":[35],"product_tag":[],"class_list":{"0":"post-506","1":"product","2":"type-product","3":"status-publish","4":"has-post-thumbnail","6":"product_cat-health-treasure","8":"first","9":"instock","10":"taxable","11":"shipping-taxable","12":"purchasable","13":"product-type-simple"},"jetpack_sharing_enabled":true,"_links":{"self":[{"href":"https:\/\/acunordic.se\/zh\/wp-json\/wp\/v2\/product\/506","targetHints":{"allow":["GET"]}}],"collection":[{"href":"https:\/\/acunordic.se\/zh\/wp-json\/wp\/v2\/product"}],"about":[{"href":"https:\/\/acunordic.se\/zh\/wp-json\/wp\/v2\/types\/product"}],"wp:featuredmedia":[{"embeddable":true,"href":"https:\/\/acunordic.se\/zh\/wp-json\/wp\/v2\/media\/559"}],"wp:attachment":[{"href":"https:\/\/acunordic.se\/zh\/wp-json\/wp\/v2\/media?parent=506"}],"wp:term":[{"taxonomy":"product_brand","embeddable":true,"href":"https:\/\/acunordic.se\/zh\/wp-json\/wp\/v2\/product_brand?post=506"},{"taxonomy":"product_cat","embeddable":true,"href":"https:\/\/acunordic.se\/zh\/wp-json\/wp\/v2\/product_cat?post=506"},{"taxonomy":"product_tag","embeddable":true,"href":"https:\/\/acunordic.se\/zh\/wp-json\/wp\/v2\/product_tag?post=506"}],"curies":[{"name":"wp","href":"https:\/\/api.w.org\/{rel}","templated":true}]}}