{"id":505,"date":"2020-12-03T22:26:33","date_gmt":"2020-12-03T22:26:33","guid":{"rendered":"http:\/\/nysida.renakupunktur.nu\/?post_type=product&#038;p=505"},"modified":"2025-03-24T10:06:14","modified_gmt":"2025-03-24T10:06:14","slug":"forkylningste-gan-mao-qing-re-keli","status":"publish","type":"product","link":"https:\/\/acunordic.se\/zh\/product\/forkylningste-gan-mao-qing-re-keli\/","title":{"rendered":"F\u00f6rkylningste, Gan Mao Qing Re Keli"},"content":{"rendered":"<p>&nbsp;<\/p>\n<p>&nbsp;<\/p>","protected":false},"excerpt":{"rendered":"<p>Detta \u00e4r en klassisk \u00f6rtblandning som anv\u00e4nds mycket vid vanlig f\u00f6rkylning. Det b\u00f6r tas s\u00e5 fort man k\u00e4nner av f\u00f6rkylningssymptom.<\/p>\n<p>Inneh\u00e5ll: Sang Ye, Ju Hua, Bo He, Xing Ren, Jie Geng, Gan Cao, Lian Qiao, Lu Gen.<\/p>\n<p>7 p\u00e5sar &#8211; 2 koppar te per p\u00e5se<\/p>","protected":false},"featured_media":519,"template":"","meta":[],"product_brand":[],"product_cat":[22,32],"product_tag":[],"class_list":{"0":"post-505","1":"product","2":"type-product","3":"status-publish","4":"has-post-thumbnail","6":"product_cat-funktionella-teer","7":"product_cat-ortprodukter","9":"first","10":"instock","11":"taxable","12":"shipping-taxable","13":"purchasable","14":"product-type-simple"},"jetpack_sharing_enabled":true,"_links":{"self":[{"href":"https:\/\/acunordic.se\/zh\/wp-json\/wp\/v2\/product\/505","targetHints":{"allow":["GET"]}}],"collection":[{"href":"https:\/\/acunordic.se\/zh\/wp-json\/wp\/v2\/product"}],"about":[{"href":"https:\/\/acunordic.se\/zh\/wp-json\/wp\/v2\/types\/product"}],"wp:featuredmedia":[{"embeddable":true,"href":"https:\/\/acunordic.se\/zh\/wp-json\/wp\/v2\/media\/519"}],"wp:attachment":[{"href":"https:\/\/acunordic.se\/zh\/wp-json\/wp\/v2\/media?parent=505"}],"wp:term":[{"taxonomy":"product_brand","embeddable":true,"href":"https:\/\/acunordic.se\/zh\/wp-json\/wp\/v2\/product_brand?post=505"},{"taxonomy":"product_cat","embeddable":true,"href":"https:\/\/acunordic.se\/zh\/wp-json\/wp\/v2\/product_cat?post=505"},{"taxonomy":"product_tag","embeddable":true,"href":"https:\/\/acunordic.se\/zh\/wp-json\/wp\/v2\/product_tag?post=505"}],"curies":[{"name":"wp","href":"https:\/\/api.w.org\/{rel}","templated":true}]}}