{"id":388,"date":"2020-11-20T15:49:13","date_gmt":"2020-11-20T15:49:13","guid":{"rendered":"http:\/\/nysida.renakupunktur.nu\/?post_type=product&#038;p=388"},"modified":"2023-03-08T11:50:52","modified_gmt":"2023-03-08T11:50:52","slug":"moxakoner-for-nal-sma-150-st","status":"publish","type":"product","link":"https:\/\/acunordic.se\/zh\/product\/moxakoner-for-nal-sma-150-st\/","title":{"rendered":"Moxakoner f\u00f6r n\u00e5l, Taiwan -sm\u00e5- 500 st"},"content":{"rendered":"","protected":false},"excerpt":{"rendered":"","protected":false},"featured_media":772,"template":"","meta":[],"product_brand":[],"product_cat":[55],"product_tag":[],"class_list":{"0":"post-388","1":"product","2":"type-product","3":"status-publish","4":"has-post-thumbnail","6":"product_cat-moxabehandling","8":"first","9":"instock","10":"taxable","11":"shipping-taxable","12":"purchasable","13":"product-type-simple"},"jetpack_sharing_enabled":true,"_links":{"self":[{"href":"https:\/\/acunordic.se\/zh\/wp-json\/wp\/v2\/product\/388","targetHints":{"allow":["GET"]}}],"collection":[{"href":"https:\/\/acunordic.se\/zh\/wp-json\/wp\/v2\/product"}],"about":[{"href":"https:\/\/acunordic.se\/zh\/wp-json\/wp\/v2\/types\/product"}],"wp:featuredmedia":[{"embeddable":true,"href":"https:\/\/acunordic.se\/zh\/wp-json\/wp\/v2\/media\/772"}],"wp:attachment":[{"href":"https:\/\/acunordic.se\/zh\/wp-json\/wp\/v2\/media?parent=388"}],"wp:term":[{"taxonomy":"product_brand","embeddable":true,"href":"https:\/\/acunordic.se\/zh\/wp-json\/wp\/v2\/product_brand?post=388"},{"taxonomy":"product_cat","embeddable":true,"href":"https:\/\/acunordic.se\/zh\/wp-json\/wp\/v2\/product_cat?post=388"},{"taxonomy":"product_tag","embeddable":true,"href":"https:\/\/acunordic.se\/zh\/wp-json\/wp\/v2\/product_tag?post=388"}],"curies":[{"name":"wp","href":"https:\/\/api.w.org\/{rel}","templated":true}]}}