{"id":382,"date":"2020-11-20T15:41:35","date_gmt":"2020-11-20T15:41:35","guid":{"rendered":"http:\/\/nysida.renakupunktur.nu\/?post_type=product&#038;p=382"},"modified":"2023-03-08T11:53:27","modified_gmt":"2023-03-08T11:53:27","slug":"stick-on-mini-moxa-cones-100-st","status":"publish","type":"product","link":"https:\/\/acunordic.se\/zh\/product\/stick-on-mini-moxa-cones-100-st\/","title":{"rendered":"Moxakoner, mini &#8217;stick-on&#8217;, r\u00f6kfri 100 st"},"content":{"rendered":"","protected":false},"excerpt":{"rendered":"<p>Stick-on moxa med sj\u00e4lvh\u00e4ftande fot, f\u00e4sts direkt p\u00e5 kroppen p\u00e5 akupunkturpunkter.<br \/>\nStick-on r\u00f6kfri moxa \u00e4r i form av ett r\u00f6r<\/p>\n<p>R\u00f6kfri<\/p>\n<p>&nbsp;<\/p>","protected":false},"featured_media":383,"template":"","meta":[],"product_brand":[],"product_cat":[55],"product_tag":[],"class_list":{"0":"post-382","1":"product","2":"type-product","3":"status-publish","4":"has-post-thumbnail","6":"product_cat-moxabehandling","8":"first","9":"instock","10":"taxable","11":"shipping-taxable","12":"purchasable","13":"product-type-simple"},"jetpack_sharing_enabled":true,"_links":{"self":[{"href":"https:\/\/acunordic.se\/zh\/wp-json\/wp\/v2\/product\/382","targetHints":{"allow":["GET"]}}],"collection":[{"href":"https:\/\/acunordic.se\/zh\/wp-json\/wp\/v2\/product"}],"about":[{"href":"https:\/\/acunordic.se\/zh\/wp-json\/wp\/v2\/types\/product"}],"wp:featuredmedia":[{"embeddable":true,"href":"https:\/\/acunordic.se\/zh\/wp-json\/wp\/v2\/media\/383"}],"wp:attachment":[{"href":"https:\/\/acunordic.se\/zh\/wp-json\/wp\/v2\/media?parent=382"}],"wp:term":[{"taxonomy":"product_brand","embeddable":true,"href":"https:\/\/acunordic.se\/zh\/wp-json\/wp\/v2\/product_brand?post=382"},{"taxonomy":"product_cat","embeddable":true,"href":"https:\/\/acunordic.se\/zh\/wp-json\/wp\/v2\/product_cat?post=382"},{"taxonomy":"product_tag","embeddable":true,"href":"https:\/\/acunordic.se\/zh\/wp-json\/wp\/v2\/product_tag?post=382"}],"curies":[{"name":"wp","href":"https:\/\/api.w.org\/{rel}","templated":true}]}}