{"id":360,"date":"2020-11-20T10:44:22","date_gmt":"2020-11-20T10:44:22","guid":{"rendered":"http:\/\/nysida.renakupunktur.nu\/?post_type=product&#038;p=360"},"modified":"2023-03-08T11:45:48","modified_gmt":"2023-03-08T11:45:48","slug":"shen-nog-shi-vakumkoppningsset-med-handpump-12-koppor","status":"publish","type":"product","link":"https:\/\/acunordic.se\/zh\/product\/shen-nog-shi-vakumkoppningsset-med-handpump-12-koppor\/","title":{"rendered":"Koppningsset, vakum -Shen Nog Shi- med handpump, 12 koppor"},"content":{"rendered":"","protected":false},"excerpt":{"rendered":"<p>Vakumkoppningsset med handpump<br \/>\nDessa sugkoppar \u00e4r gjorda av h\u00e5rdplast med en l\u00e5sventil upptill och en handpump f\u00f6r att manuellt pumpa luft ut ur koppen f\u00f6r att skapa undertryck.<br \/>\nIdealisk f\u00f6r k\u00e4nsliga patienter s\u00e5som barn och \u00e4ldre.<\/p>\n<p>12 plastkoppar<br \/>\nInkluderar tv\u00e5 koppar vardera av f\u00f6ljande storlekar, 6.5cm, 5.5cm, 5cm, 4.5cm, 3.5cm och 3cm<\/p>\n<p>Tillverkad i Taiwan med CE m\u00e4rkning<\/p>","protected":false},"featured_media":361,"template":"","meta":[],"product_brand":[],"product_cat":[54],"product_tag":[],"class_list":{"0":"post-360","1":"product","2":"type-product","3":"status-publish","4":"has-post-thumbnail","6":"product_cat-koppning","8":"first","9":"instock","10":"taxable","11":"shipping-taxable","12":"purchasable","13":"product-type-simple"},"jetpack_sharing_enabled":true,"_links":{"self":[{"href":"https:\/\/acunordic.se\/zh\/wp-json\/wp\/v2\/product\/360","targetHints":{"allow":["GET"]}}],"collection":[{"href":"https:\/\/acunordic.se\/zh\/wp-json\/wp\/v2\/product"}],"about":[{"href":"https:\/\/acunordic.se\/zh\/wp-json\/wp\/v2\/types\/product"}],"wp:featuredmedia":[{"embeddable":true,"href":"https:\/\/acunordic.se\/zh\/wp-json\/wp\/v2\/media\/361"}],"wp:attachment":[{"href":"https:\/\/acunordic.se\/zh\/wp-json\/wp\/v2\/media?parent=360"}],"wp:term":[{"taxonomy":"product_brand","embeddable":true,"href":"https:\/\/acunordic.se\/zh\/wp-json\/wp\/v2\/product_brand?post=360"},{"taxonomy":"product_cat","embeddable":true,"href":"https:\/\/acunordic.se\/zh\/wp-json\/wp\/v2\/product_cat?post=360"},{"taxonomy":"product_tag","embeddable":true,"href":"https:\/\/acunordic.se\/zh\/wp-json\/wp\/v2\/product_tag?post=360"}],"curies":[{"name":"wp","href":"https:\/\/api.w.org\/{rel}","templated":true}]}}