{"id":343,"date":"2020-11-20T10:17:41","date_gmt":"2020-11-20T10:17:41","guid":{"rendered":"http:\/\/nysida.renakupunktur.nu\/?post_type=product&#038;p=343"},"modified":"2023-03-08T11:27:49","modified_gmt":"2023-03-08T11:27:49","slug":"altra-varmelampa","status":"publish","type":"product","link":"https:\/\/acunordic.se\/zh\/product\/altra-varmelampa\/","title":{"rendered":"Altra\u00ae F1 TDP v\u00e4rmelampa"},"content":{"rendered":"","protected":false},"excerpt":{"rendered":"<h4 id=\"tw-target-text\" class=\"tw-data-text tw-text-large XcVN5d tw-ta\" dir=\"ltr\" data-placeholder=\"\u00d6vers\u00e4ttning\"><span class=\"Y2IQFc\" lang=\"sv\">Altra\u00ae F1 TDP v\u00e4rmelampa har genomt\u00e4nkt konstruerats f\u00f6r att g\u00f6ra den till ett praktiskt val f\u00f6r alla professionella akupunkt\u00f6rer. <\/span><\/h4>\n<p class=\"tw-data-text tw-text-large XcVN5d tw-ta\" dir=\"ltr\" data-placeholder=\"\u00d6vers\u00e4ttning\"><span class=\"Y2IQFc\" lang=\"sv\">De viktigaste funktionerna \u00e4r:<br \/>\n<\/span><span class=\"Y2IQFc\" lang=\"sv\">-Specialdesignad bas f\u00f6r att f\u00f6rb\u00e4ttra stabiliteten samtidigt som det fysiska fotavtrycket minskar.<br \/>\n-Anti-burn v\u00e4rmeyta f\u00f6r att minimera risken f\u00f6r br\u00e4nnskador vid oavsiktlig kontakt.<br \/>\n-Ergonomiskt behandlingshuvud, spak\/sv\u00e4ngarm och kontrollpaneljustering.<br \/>\n<\/span><span class=\"Y2IQFc\" lang=\"sv\">-Digital timer (15, 30, 45 och 60 minuter) F\u00f6rv\u00e4rm 10 minuter som kr\u00e4vs f\u00f6r att starta maskinen<br \/>\n-Automatiskt temperaturskydd, s\u00e4kerst\u00e4ller att temperaturen alltid h\u00e5ller sig inom s\u00e4kra niv\u00e5er<br \/>\n-L\u00e4ttl\u00e4st felmeddelande som visas p\u00e5 LCD-sk\u00e4rmen f\u00f6r att underl\u00e4tta fels\u00f6kning<br \/>\n<\/span><span class=\"Y2IQFc\" lang=\"sv\">-Inbyggd sensor f\u00f6r att varna f\u00f6raren om maskinen v\u00e4lter eller vrids till en farlig position.<\/span><\/p>","protected":false},"featured_media":674,"template":"","meta":[],"product_brand":[],"product_cat":[53],"product_tag":[],"class_list":{"0":"post-343","1":"product","2":"type-product","3":"status-publish","4":"has-post-thumbnail","6":"product_cat-elektrisk-utrustning","8":"first","9":"outofstock","10":"taxable","11":"shipping-taxable","12":"purchasable","13":"product-type-simple"},"jetpack_sharing_enabled":true,"_links":{"self":[{"href":"https:\/\/acunordic.se\/zh\/wp-json\/wp\/v2\/product\/343","targetHints":{"allow":["GET"]}}],"collection":[{"href":"https:\/\/acunordic.se\/zh\/wp-json\/wp\/v2\/product"}],"about":[{"href":"https:\/\/acunordic.se\/zh\/wp-json\/wp\/v2\/types\/product"}],"wp:featuredmedia":[{"embeddable":true,"href":"https:\/\/acunordic.se\/zh\/wp-json\/wp\/v2\/media\/674"}],"wp:attachment":[{"href":"https:\/\/acunordic.se\/zh\/wp-json\/wp\/v2\/media?parent=343"}],"wp:term":[{"taxonomy":"product_brand","embeddable":true,"href":"https:\/\/acunordic.se\/zh\/wp-json\/wp\/v2\/product_brand?post=343"},{"taxonomy":"product_cat","embeddable":true,"href":"https:\/\/acunordic.se\/zh\/wp-json\/wp\/v2\/product_cat?post=343"},{"taxonomy":"product_tag","embeddable":true,"href":"https:\/\/acunordic.se\/zh\/wp-json\/wp\/v2\/product_tag?post=343"}],"curies":[{"name":"wp","href":"https:\/\/api.w.org\/{rel}","templated":true}]}}