{"id":332,"date":"2020-11-20T09:35:11","date_gmt":"2020-11-20T09:35:11","guid":{"rendered":"http:\/\/nysida.renakupunktur.nu\/?post_type=product&#038;p=332"},"modified":"2023-03-08T11:04:03","modified_gmt":"2023-03-08T11:04:03","slug":"oronmodell","status":"publish","type":"product","link":"https:\/\/acunordic.se\/zh\/product\/oronmodell\/","title":{"rendered":"\u00d6ra, silicon"},"content":{"rendered":"","protected":false},"excerpt":{"rendered":"<header class=\"product-header\" role=\"banner\"><\/header>\n<div class=\"dynamic-product-info has-volume-pricing\">\n<aside class=\"product-offer buyable\" role=\"complementary\">\n<dl class=\"product-details\">\n<dd class=\"product-sku\">Tillverkad av h\u00e5rdplast<br \/>\nSitter p\u00e5 en tr\u00e4st\u00e4llning<br \/>\nH\u00f6jd 22cm<\/dd>\n<\/dl>\n<\/aside>\n<\/div>","protected":false},"featured_media":333,"template":"","meta":[],"product_brand":[],"product_cat":[52],"product_tag":[],"class_list":{"0":"post-332","1":"product","2":"type-product","3":"status-publish","4":"has-post-thumbnail","6":"product_cat-akupunkturmodeller","8":"first","9":"instock","10":"taxable","11":"shipping-taxable","12":"purchasable","13":"product-type-simple"},"jetpack_sharing_enabled":true,"_links":{"self":[{"href":"https:\/\/acunordic.se\/zh\/wp-json\/wp\/v2\/product\/332","targetHints":{"allow":["GET"]}}],"collection":[{"href":"https:\/\/acunordic.se\/zh\/wp-json\/wp\/v2\/product"}],"about":[{"href":"https:\/\/acunordic.se\/zh\/wp-json\/wp\/v2\/types\/product"}],"wp:featuredmedia":[{"embeddable":true,"href":"https:\/\/acunordic.se\/zh\/wp-json\/wp\/v2\/media\/333"}],"wp:attachment":[{"href":"https:\/\/acunordic.se\/zh\/wp-json\/wp\/v2\/media?parent=332"}],"wp:term":[{"taxonomy":"product_brand","embeddable":true,"href":"https:\/\/acunordic.se\/zh\/wp-json\/wp\/v2\/product_brand?post=332"},{"taxonomy":"product_cat","embeddable":true,"href":"https:\/\/acunordic.se\/zh\/wp-json\/wp\/v2\/product_cat?post=332"},{"taxonomy":"product_tag","embeddable":true,"href":"https:\/\/acunordic.se\/zh\/wp-json\/wp\/v2\/product_tag?post=332"}],"curies":[{"name":"wp","href":"https:\/\/api.w.org\/{rel}","templated":true}]}}