{"id":328,"date":"2020-11-20T09:31:05","date_gmt":"2020-11-20T09:31:05","guid":{"rendered":"http:\/\/nysida.renakupunktur.nu\/?post_type=product&#038;p=328"},"modified":"2023-03-08T11:06:35","modified_gmt":"2023-03-08T11:06:35","slug":"manlig-modell","status":"publish","type":"product","link":"https:\/\/acunordic.se\/zh\/product\/manlig-modell\/","title":{"rendered":"Man"},"content":{"rendered":"","protected":false},"excerpt":{"rendered":"<header class=\"product-header\" role=\"banner\"><\/header>\n<div class=\"dynamic-product-info has-volume-pricing\">\n<aside class=\"product-offer buyable\" role=\"complementary\">\n<dl class=\"product-details\">\n<dd class=\"product-sku\">Mjuk vinyl modell monterad p\u00e5 en stabil tr\u00e4botten<\/dd>\n<\/dl>\n<\/aside>\n<\/div>\n<section class=\"product-overview\" role=\"region\">\n<div class=\"long description product-long-description\">\n<p>360 punkter och 14 meridianer<br \/>\nB\u00e4rbar beh\u00e4ndig storlek<br \/>\nDet ing\u00e5r ett h\u00e4fte med f\u00f6rklaring av punkternas placering<\/p>\n<p>H\u00f6jd 48 cm<\/p>\n<\/div>\n<\/section>","protected":false},"featured_media":329,"template":"","meta":[],"product_brand":[],"product_cat":[52],"product_tag":[],"class_list":{"0":"post-328","1":"product","2":"type-product","3":"status-publish","4":"has-post-thumbnail","6":"product_cat-akupunkturmodeller","8":"first","9":"instock","10":"taxable","11":"shipping-taxable","12":"purchasable","13":"product-type-simple"},"jetpack_sharing_enabled":true,"_links":{"self":[{"href":"https:\/\/acunordic.se\/zh\/wp-json\/wp\/v2\/product\/328","targetHints":{"allow":["GET"]}}],"collection":[{"href":"https:\/\/acunordic.se\/zh\/wp-json\/wp\/v2\/product"}],"about":[{"href":"https:\/\/acunordic.se\/zh\/wp-json\/wp\/v2\/types\/product"}],"wp:featuredmedia":[{"embeddable":true,"href":"https:\/\/acunordic.se\/zh\/wp-json\/wp\/v2\/media\/329"}],"wp:attachment":[{"href":"https:\/\/acunordic.se\/zh\/wp-json\/wp\/v2\/media?parent=328"}],"wp:term":[{"taxonomy":"product_brand","embeddable":true,"href":"https:\/\/acunordic.se\/zh\/wp-json\/wp\/v2\/product_brand?post=328"},{"taxonomy":"product_cat","embeddable":true,"href":"https:\/\/acunordic.se\/zh\/wp-json\/wp\/v2\/product_cat?post=328"},{"taxonomy":"product_tag","embeddable":true,"href":"https:\/\/acunordic.se\/zh\/wp-json\/wp\/v2\/product_tag?post=328"}],"curies":[{"name":"wp","href":"https:\/\/api.w.org\/{rel}","templated":true}]}}