{"id":278,"date":"2020-11-19T17:48:58","date_gmt":"2020-11-19T17:48:58","guid":{"rendered":"http:\/\/nysida.renakupunktur.nu\/?post_type=product&#038;p=278"},"modified":"2023-03-08T12:05:58","modified_gmt":"2023-03-08T12:05:58","slug":"rostfri-sked-med-langt-skaft-for-blanding-av-te","status":"publish","type":"product","link":"https:\/\/acunordic.se\/zh\/product\/rostfri-sked-med-langt-skaft-for-blanding-av-te\/","title":{"rendered":"Rostfri sked med l\u00e5ngt skaft, f\u00f6r \u00f6rtblandning"},"content":{"rendered":"","protected":false},"excerpt":{"rendered":"","protected":false},"featured_media":279,"template":"","meta":[],"product_brand":[],"product_cat":[43],"product_tag":[],"class_list":{"0":"post-278","1":"product","2":"type-product","3":"status-publish","4":"has-post-thumbnail","6":"product_cat-skedar","8":"first","9":"instock","10":"taxable","11":"shipping-taxable","12":"purchasable","13":"product-type-simple"},"jetpack_sharing_enabled":true,"_links":{"self":[{"href":"https:\/\/acunordic.se\/zh\/wp-json\/wp\/v2\/product\/278","targetHints":{"allow":["GET"]}}],"collection":[{"href":"https:\/\/acunordic.se\/zh\/wp-json\/wp\/v2\/product"}],"about":[{"href":"https:\/\/acunordic.se\/zh\/wp-json\/wp\/v2\/types\/product"}],"wp:featuredmedia":[{"embeddable":true,"href":"https:\/\/acunordic.se\/zh\/wp-json\/wp\/v2\/media\/279"}],"wp:attachment":[{"href":"https:\/\/acunordic.se\/zh\/wp-json\/wp\/v2\/media?parent=278"}],"wp:term":[{"taxonomy":"product_brand","embeddable":true,"href":"https:\/\/acunordic.se\/zh\/wp-json\/wp\/v2\/product_brand?post=278"},{"taxonomy":"product_cat","embeddable":true,"href":"https:\/\/acunordic.se\/zh\/wp-json\/wp\/v2\/product_cat?post=278"},{"taxonomy":"product_tag","embeddable":true,"href":"https:\/\/acunordic.se\/zh\/wp-json\/wp\/v2\/product_tag?post=278"}],"curies":[{"name":"wp","href":"https:\/\/api.w.org\/{rel}","templated":true}]}}