{"id":216,"date":"2020-11-18T18:22:09","date_gmt":"2020-11-18T18:22:09","guid":{"rendered":"http:\/\/nysida.renakupunktur.nu\/?post_type=product&#038;p=216"},"modified":"2023-03-08T12:12:29","modified_gmt":"2023-03-08T12:12:29","slug":"pang-da-hai100","status":"publish","type":"product","link":"https:\/\/acunordic.se\/zh\/product\/pang-da-hai100\/","title":{"rendered":"Pang Da Hai 100gr"},"content":{"rendered":"","protected":false},"excerpt":{"rendered":"<header class=\"product-header\" role=\"banner\"><\/header>\n<section class=\"product-overview\" role=\"region\">\n<div class=\"long description product-long-description\">\n<p>I kinesisk medicin anv\u00e4nds b\u00e4ret f\u00f6r\u00a0 att st\u00e4rka lungors yin samt fukta slemhinnor. Mest anv\u00e4nds den som te vid ont i halsen eller vid heshet.<\/p>\n<\/div>\n<\/section>\n<p>100 gram<\/p>","protected":false},"featured_media":209,"template":"","meta":[],"product_brand":[],"product_cat":[26],"product_tag":[],"class_list":{"0":"post-216","1":"product","2":"type-product","3":"status-publish","4":"has-post-thumbnail","6":"product_cat-torkade-bar-och-frukter","8":"first","9":"instock","10":"taxable","11":"shipping-taxable","12":"purchasable","13":"product-type-simple"},"jetpack_sharing_enabled":true,"_links":{"self":[{"href":"https:\/\/acunordic.se\/zh\/wp-json\/wp\/v2\/product\/216","targetHints":{"allow":["GET"]}}],"collection":[{"href":"https:\/\/acunordic.se\/zh\/wp-json\/wp\/v2\/product"}],"about":[{"href":"https:\/\/acunordic.se\/zh\/wp-json\/wp\/v2\/types\/product"}],"wp:featuredmedia":[{"embeddable":true,"href":"https:\/\/acunordic.se\/zh\/wp-json\/wp\/v2\/media\/209"}],"wp:attachment":[{"href":"https:\/\/acunordic.se\/zh\/wp-json\/wp\/v2\/media?parent=216"}],"wp:term":[{"taxonomy":"product_brand","embeddable":true,"href":"https:\/\/acunordic.se\/zh\/wp-json\/wp\/v2\/product_brand?post=216"},{"taxonomy":"product_cat","embeddable":true,"href":"https:\/\/acunordic.se\/zh\/wp-json\/wp\/v2\/product_cat?post=216"},{"taxonomy":"product_tag","embeddable":true,"href":"https:\/\/acunordic.se\/zh\/wp-json\/wp\/v2\/product_tag?post=216"}],"curies":[{"name":"wp","href":"https:\/\/api.w.org\/{rel}","templated":true}]}}