{"id":214,"date":"2020-11-18T18:20:23","date_gmt":"2020-11-18T18:20:23","guid":{"rendered":"http:\/\/nysida.renakupunktur.nu\/?post_type=product&#038;p=214"},"modified":"2023-03-08T12:14:08","modified_gmt":"2023-03-08T12:14:08","slug":"long-yan-riu","status":"publish","type":"product","link":"https:\/\/acunordic.se\/zh\/product\/long-yan-riu\/","title":{"rendered":"Long Yan Riu 500gr"},"content":{"rendered":"","protected":false},"excerpt":{"rendered":"<header class=\"product-header\" role=\"banner\"><\/header>\n<section class=\"product-overview\" role=\"region\">\n<div class=\"long description product-long-description\">\n<p>I Kinesisk medicin anv\u00e4nds b\u00e4ret till att st\u00e4rka blod och leverns yin.<\/p>\n<p>N\u00e4rings\u00e4mnen<br \/>\nKalcium<br \/>\nJ\u00e4rn<br \/>\nNiacin<br \/>\nFosfor<br \/>\nProtein<br \/>\nVitamin A, B och C.<\/p>\n<\/div>\n<\/section>\n<p>500 gram<\/p>","protected":false},"featured_media":207,"template":"","meta":[],"product_brand":[],"product_cat":[26],"product_tag":[],"class_list":{"0":"post-214","1":"product","2":"type-product","3":"status-publish","4":"has-post-thumbnail","6":"product_cat-torkade-bar-och-frukter","8":"first","9":"instock","10":"taxable","11":"shipping-taxable","12":"purchasable","13":"product-type-simple"},"jetpack_sharing_enabled":true,"_links":{"self":[{"href":"https:\/\/acunordic.se\/zh\/wp-json\/wp\/v2\/product\/214","targetHints":{"allow":["GET"]}}],"collection":[{"href":"https:\/\/acunordic.se\/zh\/wp-json\/wp\/v2\/product"}],"about":[{"href":"https:\/\/acunordic.se\/zh\/wp-json\/wp\/v2\/types\/product"}],"wp:featuredmedia":[{"embeddable":true,"href":"https:\/\/acunordic.se\/zh\/wp-json\/wp\/v2\/media\/207"}],"wp:attachment":[{"href":"https:\/\/acunordic.se\/zh\/wp-json\/wp\/v2\/media?parent=214"}],"wp:term":[{"taxonomy":"product_brand","embeddable":true,"href":"https:\/\/acunordic.se\/zh\/wp-json\/wp\/v2\/product_brand?post=214"},{"taxonomy":"product_cat","embeddable":true,"href":"https:\/\/acunordic.se\/zh\/wp-json\/wp\/v2\/product_cat?post=214"},{"taxonomy":"product_tag","embeddable":true,"href":"https:\/\/acunordic.se\/zh\/wp-json\/wp\/v2\/product_tag?post=214"}],"curies":[{"name":"wp","href":"https:\/\/api.w.org\/{rel}","templated":true}]}}