{"id":202,"date":"2020-11-18T12:00:44","date_gmt":"2020-11-18T12:00:44","guid":{"rendered":"http:\/\/nysida.renakupunktur.nu\/?post_type=product&#038;p=202"},"modified":"2023-03-08T12:17:42","modified_gmt":"2023-03-08T12:17:42","slug":"jasmin-oolong-tea","status":"publish","type":"product","link":"https:\/\/acunordic.se\/zh\/product\/jasmin-oolong-tea\/","title":{"rendered":"Jasminte i svart burk"},"content":{"rendered":"<p><strong>Taiwan High Mountain Oolong Tea<\/strong><br \/>\nOolongte \u00e4r ett traditionellt Kinesiskt te som \u00e4r producerat med en unik process, inklusive torkning under stark sol och oxidering f\u00f6re det att bladen krullar och vrider sig. I de flesta Oolongteer speciellt de av h\u00f6g kvalitet, anv\u00e4nder man unika teplantor som \u00e4r framtagna f\u00f6r s\u00e4rskilda kvalit\u00e9er. N\u00e4r det g\u00e4ller graden av j\u00e4sning, kan den variera mellan 8-85%, beroende p\u00e5 sort och produktionss\u00e4tt.<br \/>\nI Taiwan produceras det finaste Oolong teet i v\u00e4rlden, tack vare sin utvecklade tekultur och idealiska odlingsf\u00f6rh\u00e5llanden. K\u00e4nd f\u00f6r sin blommiga arom och en distinkt komplex smak med en ren eftersmak. Det b\u00e4sta Taiwan Oolong teet som odlas finns i bergen i de centrala delarna av Taiwan. V\u00e4xtf\u00f6rh\u00e5llandena \u00e4r idealiska med h\u00f6ga berg och ett subtropiskt klimat, som skapar de svala fuktiga f\u00f6rh\u00e5llanden som Oolong teet beh\u00f6ver.<br \/>\nHerbprime har nu ett n\u00e4ra samarbete med en lokal leverant\u00f6r fr\u00e5n LuguTownship i Nantou, som \u00e4r ett av de mest ber\u00f6mda odlingsomr\u00e5dena i Taiwan.<br \/>\nBerednings metod: en l\u00e4mplig temperatur att brygga te i \u00e4r fr\u00e5n 80 -90\u00b0C.<br \/>\nTeet skall drickas n\u00e4r temperaturen sjunker till 40 -50oC. Det \u00e4r b\u00e5de uppfriskande och v\u00e4lsmakande. Du kan \u00e4ven dricka den f\u00f6rsta bryggningen, eftersom inga bek\u00e4mpningsmedel anv\u00e4nds i jordbruket. Man kan anv\u00e4nda samma teblad i minst 5-6 p\u00e5fyllningar med nytt vatten.<br \/>\n<strong>Inneh\u00e5ll:<\/strong>\u00a0Oolong te \u00e4r rikt p\u00e5 catechin, heterodesmic polyose, vitamin C och E-vitamin, carothin, fluor, zink, selen och mangan.<\/p>","protected":false},"excerpt":{"rendered":"<p><strong>Taiwan High Mountain Oolong Tea<\/strong><br \/>\nOolongte \u00e4r ett traditionellt Kinesiskt te som \u00e4r producerat med en unik process, inklusive torkning under stark sol och oxidering f\u00f6re det att bladen krullar och vrider sig. I de flesta Oolongteer speciellt de av h\u00f6g kvalitet, anv\u00e4nder man unika teplantor som \u00e4r framtagna f\u00f6r s\u00e4rskilda kvalit\u00e9er.<\/p>\n<p>Taiwan toppkvalitet jasminte, med h\u00e4rlig jasmin doft och riktig uppfriskande. 50g \/ f\u00f6rpackning<\/p>","protected":false},"featured_media":203,"template":"","meta":[],"product_brand":[],"product_cat":[19],"product_tag":[],"class_list":{"0":"post-202","1":"product","2":"type-product","3":"status-publish","4":"has-post-thumbnail","6":"product_cat-oolongteer-te","8":"first","9":"instock","10":"taxable","11":"shipping-taxable","12":"purchasable","13":"product-type-simple"},"jetpack_sharing_enabled":true,"_links":{"self":[{"href":"https:\/\/acunordic.se\/zh\/wp-json\/wp\/v2\/product\/202","targetHints":{"allow":["GET"]}}],"collection":[{"href":"https:\/\/acunordic.se\/zh\/wp-json\/wp\/v2\/product"}],"about":[{"href":"https:\/\/acunordic.se\/zh\/wp-json\/wp\/v2\/types\/product"}],"wp:featuredmedia":[{"embeddable":true,"href":"https:\/\/acunordic.se\/zh\/wp-json\/wp\/v2\/media\/203"}],"wp:attachment":[{"href":"https:\/\/acunordic.se\/zh\/wp-json\/wp\/v2\/media?parent=202"}],"wp:term":[{"taxonomy":"product_brand","embeddable":true,"href":"https:\/\/acunordic.se\/zh\/wp-json\/wp\/v2\/product_brand?post=202"},{"taxonomy":"product_cat","embeddable":true,"href":"https:\/\/acunordic.se\/zh\/wp-json\/wp\/v2\/product_cat?post=202"},{"taxonomy":"product_tag","embeddable":true,"href":"https:\/\/acunordic.se\/zh\/wp-json\/wp\/v2\/product_tag?post=202"}],"curies":[{"name":"wp","href":"https:\/\/api.w.org\/{rel}","templated":true}]}}