{"id":183,"date":"2020-11-18T10:55:51","date_gmt":"2020-11-18T10:55:51","guid":{"rendered":"http:\/\/nysida.renakupunktur.nu\/?post_type=product&#038;p=183"},"modified":"2023-03-08T12:08:09","modified_gmt":"2023-03-08T12:08:09","slug":"oronljus","status":"publish","type":"product","link":"https:\/\/acunordic.se\/zh\/product\/oronljus\/","title":{"rendered":"\u00d6ronljus 2 st"},"content":{"rendered":"","protected":false},"excerpt":{"rendered":"<p>\u00d6ronljus, ett par i varje f\u00f6rpackning. Med l\u00e4tt larvande doft.<\/p>","protected":false},"featured_media":460,"template":"","meta":[],"product_brand":[],"product_cat":[58],"product_tag":[],"class_list":{"0":"post-183","1":"product","2":"type-product","3":"status-publish","4":"has-post-thumbnail","6":"product_cat-oronljus","8":"first","9":"instock","10":"taxable","11":"shipping-taxable","12":"purchasable","13":"product-type-simple"},"jetpack_sharing_enabled":true,"_links":{"self":[{"href":"https:\/\/acunordic.se\/zh\/wp-json\/wp\/v2\/product\/183","targetHints":{"allow":["GET"]}}],"collection":[{"href":"https:\/\/acunordic.se\/zh\/wp-json\/wp\/v2\/product"}],"about":[{"href":"https:\/\/acunordic.se\/zh\/wp-json\/wp\/v2\/types\/product"}],"wp:featuredmedia":[{"embeddable":true,"href":"https:\/\/acunordic.se\/zh\/wp-json\/wp\/v2\/media\/460"}],"wp:attachment":[{"href":"https:\/\/acunordic.se\/zh\/wp-json\/wp\/v2\/media?parent=183"}],"wp:term":[{"taxonomy":"product_brand","embeddable":true,"href":"https:\/\/acunordic.se\/zh\/wp-json\/wp\/v2\/product_brand?post=183"},{"taxonomy":"product_cat","embeddable":true,"href":"https:\/\/acunordic.se\/zh\/wp-json\/wp\/v2\/product_cat?post=183"},{"taxonomy":"product_tag","embeddable":true,"href":"https:\/\/acunordic.se\/zh\/wp-json\/wp\/v2\/product_tag?post=183"}],"curies":[{"name":"wp","href":"https:\/\/api.w.org\/{rel}","templated":true}]}}