{"id":455,"date":"2020-11-22T07:52:57","date_gmt":"2020-11-22T07:52:57","guid":{"rendered":"http:\/\/nysida.renakupunktur.nu\/?page_id=455"},"modified":"2022-10-07T15:07:17","modified_gmt":"2022-10-07T15:07:17","slug":"kop-leveransvillkor","status":"publish","type":"page","link":"https:\/\/acunordic.se\/zh\/kop-leveransvillkor\/","title":{"rendered":"K\u00d6P- &#038; LEVERANSVILLKOR"},"content":{"rendered":"<p>Priserna i webbutiken \u00e4r inklusive moms<br>BEST\u00c4LLNINGSVAROR st\u00e5r som SLUT P\u00c5 LAGER. Vill du best\u00e4lla, kontakta <a href=\"mailto:kundservice@acunordic.se\">kundservice@acunordic.se<\/a>.<\/p>\n\n\n\n<p><\/p>\n\n\n\n<p>Du betalar via Klarna.<\/p>\n\n\n\n<p>Enhetsfrakt och emballering,  99:- per best\u00e4llning. P\u00e5 stora skrymmande best\u00e4llningar \u00f6ver 2 kg,<br>tillkommer porto. Skickas p\u00e5 billigaste s\u00e4tt. Till\u00e4gget faktureras.<\/p>\n\n\n\n<p>Varorna skickas s\u00e5 snabbt som m\u00f6jligt, men senast inom en vecka. <br>Returr\u00e4tt 14 dagar, kunden st\u00e5r f\u00f6r returfrakt. Obrutna f\u00f6rpackningar endast.<\/p>\n\n\n\n<p>Vill du h\u00e4mta varorna p\u00e5 plats p\u00e5 Ran\u00e4ngsgatan 16 bv, G\u00f6teborg,<br>v\u00e4nligen g\u00f6r din best\u00e4llning p\u00e5 <a href=\"mailto:order@acunordic.se\">order@acunordic.se<\/a> ist\u00e4llet f\u00f6r i webbutiken.<br>Du f\u00e5r snabbt svar n\u00e4r du kan h\u00e4mta.<\/p>\n\n\n\n<p><strong><em>\u00c4r du egen f\u00f6retagare och akupunkt\u00f6r TKM och vill bli \u00e5terf\u00f6rs\u00e4ljare? <br>Maila in dina uppgifter, s\u00e5 f\u00e5r du en produktlista med priser.<\/em><\/strong><\/p>\n\n\n\n<p>Vill du ha hj\u00e4lp med din best\u00e4llning? Har du fr\u00e5gor?<br>Ring Jun p\u00e5 031-15 15 12, eller maila p\u00e5<br> <a href=\"mailto:kundservice@acunordic.se\">kundservice@acunordic.se<\/a><\/p>\n\n\n\n<p>ACUNORDIC<br>Jun Ren Akupunktur AB  <a href=\"tel:556632-0619\">556632-0619<\/a><br>Ran\u00e4ngsgatan 16<br>416 64 G\u00f6teborg<br><\/p>","protected":false},"excerpt":{"rendered":"<p>Priserna i webbutiken \u00e4r inklusive momsBEST\u00c4LLNINGSVAROR st\u00e5r som SLUT P\u00c5 LAGER. Vill du best\u00e4lla, kontakta kundservice@acunordic.se. Du betalar via Klarna. Enhetsfrakt och emballering, 99:- per best\u00e4llning. P\u00e5 stora skrymmande best\u00e4llningar \u00f6ver 2 kg,tillkommer porto. Skickas p\u00e5 billigaste s\u00e4tt. Till\u00e4gget faktureras. Varorna skickas s\u00e5 snabbt som m\u00f6jligt, men senast inom en vecka. Returr\u00e4tt 14 dagar, kunden [&hellip;]<\/p>\n","protected":false},"author":1,"featured_media":64,"parent":0,"menu_order":0,"comment_status":"closed","ping_status":"closed","template":"","meta":{"footnotes":""},"class_list":["post-455","page","type-page","status-publish","has-post-thumbnail","hentry"],"jetpack_sharing_enabled":true,"_links":{"self":[{"href":"https:\/\/acunordic.se\/zh\/wp-json\/wp\/v2\/pages\/455","targetHints":{"allow":["GET"]}}],"collection":[{"href":"https:\/\/acunordic.se\/zh\/wp-json\/wp\/v2\/pages"}],"about":[{"href":"https:\/\/acunordic.se\/zh\/wp-json\/wp\/v2\/types\/page"}],"author":[{"embeddable":true,"href":"https:\/\/acunordic.se\/zh\/wp-json\/wp\/v2\/users\/1"}],"replies":[{"embeddable":true,"href":"https:\/\/acunordic.se\/zh\/wp-json\/wp\/v2\/comments?post=455"}],"version-history":[{"count":15,"href":"https:\/\/acunordic.se\/zh\/wp-json\/wp\/v2\/pages\/455\/revisions"}],"predecessor-version":[{"id":735,"href":"https:\/\/acunordic.se\/zh\/wp-json\/wp\/v2\/pages\/455\/revisions\/735"}],"wp:featuredmedia":[{"embeddable":true,"href":"https:\/\/acunordic.se\/zh\/wp-json\/wp\/v2\/media\/64"}],"wp:attachment":[{"href":"https:\/\/acunordic.se\/zh\/wp-json\/wp\/v2\/media?parent=455"}],"curies":[{"name":"wp","href":"https:\/\/api.w.org\/{rel}","templated":true}]}}