{"id":438,"date":"2020-11-21T18:52:22","date_gmt":"2020-11-21T18:52:22","guid":{"rendered":"http:\/\/nysida.renakupunktur.nu\/?page_id=438"},"modified":"2020-11-21T19:53:10","modified_gmt":"2020-11-21T19:53:10","slug":"vara-leverantorer","status":"publish","type":"page","link":"https:\/\/acunordic.se\/zh\/vara-leverantorer\/","title":{"rendered":"V\u00c5RA LEVERANT\u00d6RER"},"content":{"rendered":"<p><strong>Herbprime<\/strong><br>Herbprime \u00e4r en godk\u00e4nd distribut\u00f6r av Kinesiska \u00f6rtmediciner f\u00f6r Register of Chinese Herbal Medicine (RCHM) och Association of Chinese Medicine (ATCM) i Storbritannien.<br>Herbprime \u00e4r Sun Tens officiella distribut\u00f6r inom EU.<br>Herbprime har ocks\u00e5 etablerat kontakter och samarbetar med akademiska grupper och institutioner bl.a. University of Westminister, Middlesex University, Wales University, Reading college of Acupuncture med flera.<br>Herbprime medverkar \u00e4ven i en klinisk studie d\u00e4r man behandlar symptom vid menopaus i samarbete med Westminister University.<br>Bes\u00f6k g\u00e4rna&nbsp;<a href=\"https:\/\/www.herbprime.com\/\">https:\/\/www.herbprime.com\/<\/a>&nbsp;f\u00f6r mer information<\/p>\n\n\n\n<p><strong>Sun Ten<\/strong><br>Sun Ten Pharmaceutical Co. Ltd grundades 1946 och \u00e4r v\u00e4rldens st\u00f6rsta tillverkare av koncentrerade \u00f6rter.<br>Med \u00f6ver 60 \u00e5rs erfarenhet av forskning och utveckling anv\u00e4nder man modern vetenskap och teknik i tillverkningen av kinesiska \u00f6rtprodukter.<br>Sun Ten anv\u00e4nder sig i tillverkningen av sina produkter av r\u00e5a \u00f6rter som har odlats eller vuxit vilt p\u00e5 platser med obefintlig milj\u00f6p\u00e5verkan.<br>Sun Ten kvalitetss\u00e4krar sina sk\u00f6rdar med speciella arbetsgrupper som bevakar odlingarna p\u00e5 plats och hj\u00e4lper \u00e4ven odlarna med r\u00e5d, s\u00e5 att slutprodukten uppn\u00e5r b\u00e4sta m\u00f6jliga kvalitet.<br>De sk\u00f6rdas under r\u00e4tt tidpunkt, bearbetas och lagras under kontrollerade f\u00f6rh\u00e5llanden. Den obearbetade varan testas f\u00f6r att de m\u00e5ste inneh\u00e5lla specifika niv\u00e5er av aktiva \u00e4mnen innan de kan accepteras och anv\u00e4ndas i tillverknings- processen.<br>De utvalda \u00f6rterna bearbetas sedan i en speciell process till \u00f6rtkoncentrat.<br>Genom att f\u00f6lja en modern medicinsk standard f\u00f6r kvalitetskontroll, g\u00f6rs p\u00e5 varje leverans en botanisk identifiering, kemisk analys, tungmetalls analys, mikrobiologisk analys och stabilitetsanalys.<br>Man har bl.a. erh\u00e5llit GMP i Taiwan och Japan, TGA PIC\/s i Australien, samt ISO 9001\/9002 i Storbritannien.<br>Varje leverans f\u00f6rses med ett batch nummer som g\u00f6r att man kan sp\u00e5ra varje f\u00f6rpackning till sitt ursprung.<br>Bes\u00f6k g\u00e4rna&nbsp;<a href=\"https:\/\/www.suntenglobal.com\/\">www.suntenglobal.com<\/a>&nbsp;f\u00f6r mer information om analysmetoder, kvalitetskontroller och deras tillverkningsprocess.<\/p>\n\n\n\n<p><strong>Teh Seng<\/strong><br>Teh Seng Pharmaceutical Mfg, co., Ltd grundades 1975 i Tainan, Taiwan. F\u00f6retaget \u00e4r specialiserat i utveckling och tillverkningen av hydrogel baserade pl\u00e5ster och oljebaserade pl\u00e5ster. Teh Seng produkter kontrolleras och garanteras att alla produkter uppfyller h\u00f6ga krav p\u00e5 effektivitet och s\u00e4kerhet.<br>F\u00f6r mer information bes\u00f6k&nbsp;<a href=\"https:\/\/www.tehseng.com\/\">www.tehseng.com<\/a><\/p>","protected":false},"excerpt":{"rendered":"<p>HerbprimeHerbprime \u00e4r en godk\u00e4nd distribut\u00f6r av Kinesiska \u00f6rtmediciner f\u00f6r Register of Chinese Herbal Medicine (RCHM) och Association of Chinese Medicine (ATCM) i Storbritannien.Herbprime \u00e4r Sun Tens officiella distribut\u00f6r inom EU.Herbprime har ocks\u00e5 etablerat kontakter och samarbetar med akademiska grupper och institutioner bl.a. University of Westminister, Middlesex University, Wales University, Reading college of Acupuncture med flera.Herbprime [&hellip;]<\/p>\n","protected":false},"author":1,"featured_media":64,"parent":0,"menu_order":0,"comment_status":"closed","ping_status":"closed","template":"","meta":{"footnotes":""},"class_list":["post-438","page","type-page","status-publish","has-post-thumbnail","hentry"],"jetpack_sharing_enabled":true,"_links":{"self":[{"href":"https:\/\/acunordic.se\/zh\/wp-json\/wp\/v2\/pages\/438","targetHints":{"allow":["GET"]}}],"collection":[{"href":"https:\/\/acunordic.se\/zh\/wp-json\/wp\/v2\/pages"}],"about":[{"href":"https:\/\/acunordic.se\/zh\/wp-json\/wp\/v2\/types\/page"}],"author":[{"embeddable":true,"href":"https:\/\/acunordic.se\/zh\/wp-json\/wp\/v2\/users\/1"}],"replies":[{"embeddable":true,"href":"https:\/\/acunordic.se\/zh\/wp-json\/wp\/v2\/comments?post=438"}],"version-history":[{"count":3,"href":"https:\/\/acunordic.se\/zh\/wp-json\/wp\/v2\/pages\/438\/revisions"}],"predecessor-version":[{"id":448,"href":"https:\/\/acunordic.se\/zh\/wp-json\/wp\/v2\/pages\/438\/revisions\/448"}],"wp:featuredmedia":[{"embeddable":true,"href":"https:\/\/acunordic.se\/zh\/wp-json\/wp\/v2\/media\/64"}],"wp:attachment":[{"href":"https:\/\/acunordic.se\/zh\/wp-json\/wp\/v2\/media?parent=438"}],"curies":[{"name":"wp","href":"https:\/\/api.w.org\/{rel}","templated":true}]}}